{"id":341,"date":"2020-12-21T09:31:58","date_gmt":"2020-12-21T09:31:58","guid":{"rendered":"https:\/\/homescaremarbella.com\/?page_id=341"},"modified":"2024-11-21T10:19:26","modified_gmt":"2024-11-21T10:19:26","slug":"mantenimiento-de-propiedades","status":"publish","type":"page","link":"https:\/\/homescaremarbella.com\/index.php\/mantenimiento-de-propiedades\/?lang=es","title":{"rendered":"Mantenimiento de Propiedades"},"content":{"rendered":"<p>[et_pb_section fb_built=\u00bb1&#8243; fullwidth=\u00bbon\u00bb _builder_version=\u00bb4.16&#8243; _module_preset=\u00bbdefault\u00bb bottom_divider_style=\u00bbarrow2&#8243; bottom_divider_color=\u00bb#ffffff\u00bb global_colors_info=\u00bb{}\u00bb][et_pb_fullwidth_image src=\u00bbhttps:\/\/homescaremarbella.com\/wp-content\/uploads\/2024\/11\/Homescare-Marbella-homecares-services-for-your-home-galeria2.jpg\u00bb alt=\u00bbHomescare-Marbella-homecares-services-for-your-home-galeria2&#8243; title_text=\u00bbHomescare-Marbella-homecares-services-for-your-home-galeria2&#8243; _builder_version=\u00bb4.19.3&#8243; _module_preset=\u00bbdefault\u00bb hover_enabled=\u00bb0&#8243; global_colors_info=\u00bb{}\u00bb sticky_enabled=\u00bb0&#8243;][\/et_pb_fullwidth_image][\/et_pb_section][et_pb_section fb_built=\u00bb1&#8243; _builder_version=\u00bb4.16&#8243; _module_preset=\u00bbdefault\u00bb global_colors_info=\u00bb{}\u00bb][et_pb_row _builder_version=\u00bb4.16&#8243; _module_preset=\u00bbdefault\u00bb global_colors_info=\u00bb{}\u00bb][et_pb_column type=\u00bb4_4&#8243; _builder_version=\u00bb4.16&#8243; _module_preset=\u00bbdefault\u00bb global_colors_info=\u00bb{}\u00bb][et_pb_text _builder_version=\u00bb4.16&#8243; _module_preset=\u00bbdefault\u00bb text_font=\u00bbKarla||||||||\u00bb text_text_color=\u00bb#000000&#8243; text_font_size=\u00bb20px\u00bb header_font=\u00bbOswald||||||||\u00bb header_2_font=\u00bbOswald|700||on|||||\u00bb header_2_font_size=\u00bb68px\u00bb header_3_font=\u00bbOswald||||||||\u00bb header_3_font_size=\u00bb48px\u00bb custom_padding=\u00bb15px|20px|15px|20px|true|true\u00bb header_2_font_tablet=\u00bb\u00bb header_2_font_phone=\u00bb\u00bb header_2_font_last_edited=\u00bbon|phone\u00bb header_2_font_size_tablet=\u00bb62px\u00bb header_2_font_size_phone=\u00bb52px\u00bb header_2_font_size_last_edited=\u00bbon|desktop\u00bb header_3_font_size_tablet=\u00bb40px\u00bb header_3_font_size_phone=\u00bb38px\u00bb header_3_font_size_last_edited=\u00bbon|desktop\u00bb border_radii=\u00bbon|10px|10px|10px|10px\u00bb border_width_all=\u00bb2px\u00bb border_color_all=\u00bb#000000&#8243; global_colors_info=\u00bb{}\u00bb]<\/p>\n<h2>MANTENIMIENTO DE PROPIEDADES<\/h2>\n<p>&nbsp;<\/p>\n<p>En HomesCare Marbella ofrecemos un servicio completo de gesti\u00f3n de propiedades, d\u00e1ndole la tranquilidad de que su propiedad est\u00e1 en buenas manos, siendo atendido en su ausencia y sabiendo que tiene una persona de confianza a quien contactar para cualquier consulta o necesidad durante su estancia. Ofrecemos un servicio de revisi\u00f3n de propiedades semanal o quincenal. Nuestra gesti\u00f3n incluye ocuparse del mantenimiento rutinario, la limpieza y la lavander\u00eda, las reparaciones en curso, las visitas a la propiedad, el control del buz\u00f3n, as\u00ed como apagar los suministros cuando la propiedad est\u00e1 vac\u00eda y reactivarlos antes de la llegada.<br \/>Cuando visitamos su propiedad, comprobamos que todo est\u00e9 limpio y ventilado, revisamos el gas, la electricidad, los electrodom\u00e9sticos, las bombillas, etc. para asegurarnos de que su casa est\u00e1 en perfectas condiciones. Se mantienen libros de revisi\u00f3n en cada propiedad y podemos presentar informes mensuales si es necesario.<br \/>Si est\u00e1 interesado en recibir m\u00e1s informaci\u00f3n sobre nuestros servicios, por favor cont\u00e1ctenos. Una vez que hayamos visitado su propiedad, podemos proporcionarle una propuesta personalizada que se ajuste a sus necesidades espec\u00edficas.<\/p>\n<p>[\/et_pb_text][et_pb_text _builder_version=\u00bb4.16&#8243; _module_preset=\u00bbdefault\u00bb text_font=\u00bbKarla||||||||\u00bb text_text_color=\u00bb#000000&#8243; text_font_size=\u00bb20px\u00bb header_3_font=\u00bbOswald||||||||\u00bb header_3_font_size=\u00bb56px\u00bb header_4_font=\u00bbOswald||||||||\u00bb header_4_font_size=\u00bb38px\u00bb background_color=\u00bbrgba(181,228,252,0.2)\u00bb custom_padding=\u00bb15px|20px|15px|20px|true|true\u00bb header_3_font_size_tablet=\u00bb\u00bb header_3_font_size_phone=\u00bb40px\u00bb header_3_font_size_last_edited=\u00bbon|desktop\u00bb header_4_font_size_tablet=\u00bb34px\u00bb header_4_font_size_phone=\u00bb34px\u00bb header_4_font_size_last_edited=\u00bbon|desktop\u00bb border_radii=\u00bbon|10px|10px|10px|10px\u00bb global_colors_info=\u00bb{}\u00bb]<\/p>\n<h3>Tarifas de Revisi\u00f3n semanal<\/h3>\n<p><strong>\u25cf Apartamentos de 2 dormitorios desde&#8230; (Contacte con nosotros)<\/strong><br \/><strong>\u25cf Apartamentos de 3 dormitorios desde&#8230; (Contacte con nosotros)<\/strong><br \/><strong>\u25cf Apartamentos de 4 dormitorios&#8230; (Contacte con nosotros)<\/strong><br \/><strong>\u25cf Casas adosadas desde&#8230; (Contacte con nosotros)<\/strong><br \/><strong>\u25cf Villas de 2\/3 dormitorios desde&#8230; (Contacte con nosotros)<\/strong><br \/><strong>\u25cf Villas de 4\/5 dormitorios desde&#8230; (Contacte con nosotros)<\/strong><\/p>\n<h4>Tarifas de Revisi\u00f3n Quincenal<\/h4>\n<p><strong>\u25cf Apartamentos de 2 dormitorios desde&#8230; (Contacte con nosotros)<\/strong><br \/><strong>\u25cf Apartamentos de 3 dormitorios desde &#8230; (Contacte con nosotros)<\/strong><br \/><strong>\u25cf Apartamentos de 4 dormitorios&#8230; (Contacte con nosotros)<\/strong><br \/><strong>\u25cf Casas adosadas desde&#8230; (Contacte con nosotros)<\/strong><br \/><strong>\u25cf Villas de 2\/3 dormitorios desde&#8230; (Contacte con nosotros)<\/strong><br \/><strong>\u25cf Villas de 4\/5 dormitorios desde&#8230; (Contacte con nosotros)<\/strong><\/p>\n<p>[\/et_pb_text][et_pb_text _builder_version=\u00bb4.16&#8243; _module_preset=\u00bbdefault\u00bb text_font=\u00bbKarla||||||||\u00bb text_text_color=\u00bb#000000&#8243; text_font_size=\u00bb20px\u00bb header_3_font=\u00bbOswald||||||||\u00bb header_3_font_size=\u00bb56px\u00bb background_color=\u00bbrgba(181,228,252,0.3)\u00bb custom_padding=\u00bb15px|20px|15px|20px|true|true\u00bb border_radii=\u00bbon|10px|10px|10px|10px\u00bb global_colors_info=\u00bb{}\u00bb]<\/p>\n<h3>Servicios Adicionales<\/h3>\n<p>&nbsp;<\/p>\n<p>Adem\u00e1s de nuestros servicios regulares de revisi\u00f3n de propiedades, tambi\u00e9n ofrecemos a nuestros clientes los siguientes servicios:<br \/>\u25cf Servicios de limpieza y lavander\u00eda<br \/>\u25cf Mantenimiento de jardines y piscinas<br \/>\u25cf Decorador<br \/>\u25cf Movi\u00e9ndose<br \/>\u25cf Todo tipo de reformas<br \/>\u25cf La pintura en general<br \/>\u25cf Trabajos el\u00e9ctricos<br \/>\u25cf Dom\u00f3tica<br \/>\u25cf Aire acondicionado y calefacci\u00f3n<br \/>\u25cf Servicio de cerrajer\u00eda<br \/>\u25cf Instalaci\u00f3n de alarmas y c\u00e1maras de seguridad<br \/>\u25cf T\u00e9cnicos en computaci\u00f3n<br \/>\u25cf Proporcionar acceso a la vivienda cuando el cliente lo necesite<br \/>\u25cf Mantenimiento general y reparaciones de rutina<br \/>\u25cf Charter Privado (Barco)<br \/>\u25cf Chef privado<br \/>\u25cf Llene la nevera al llegar<br \/>\u25cf Organizar las recogidas y las entregas en los aeropuertos<br \/>\u25cf Organizar cualquier tipo de reserva: restaurantes, hoteles, conciertos, campo de golf y recomendaciones<br \/>\u25cf Alquiler de cunas, sillas altas, asientos de coche&#8230;<br \/>\u25cf Masajistas y fisioterapeutas<br \/>\u25cf Todos los tipos de seguros<br \/>\u25cf Instalaciones de televisi\u00f3n y sat\u00e9lites<br \/>\u25cf Ni\u00f1era<br \/>\u25cf Cuidado de mascotas<\/p>\n<p>[\/et_pb_text][\/et_pb_column][\/et_pb_row][et_pb_row column_structure=\u00bb1_3,1_3,1_3&#8243; use_custom_gutter=\u00bbon\u00bb gutter_width=\u00bb2&#8243; _builder_version=\u00bb4.16&#8243; _module_preset=\u00bbdefault\u00bb global_colors_info=\u00bb{}\u00bb][et_pb_column type=\u00bb1_3&#8243; _builder_version=\u00bb4.16&#8243; _module_preset=\u00bbdefault\u00bb global_colors_info=\u00bb{}\u00bb][et_pb_image src=\u00bbhttps:\/\/homescaremarbella.com\/wp-content\/uploads\/2024\/11\/Homescare-Marbella-homecares-services-for-your-home-portada.jpg\u00bb alt=\u00bbHomescare-Marbella-homecares-services-for-your-home-portada\u00bb title_text=\u00bbHomescare-Marbella-homecares-services-for-your-home-portada\u00bb _builder_version=\u00bb4.19.3&#8243; _module_preset=\u00bbdefault\u00bb border_radii=\u00bbon|10px|10px|10px|10px\u00bb global_colors_info=\u00bb{}\u00bb][\/et_pb_image][\/et_pb_column][et_pb_column type=\u00bb1_3&#8243; _builder_version=\u00bb4.16&#8243; _module_preset=\u00bbdefault\u00bb global_colors_info=\u00bb{}\u00bb][et_pb_image src=\u00bbhttps:\/\/homescaremarbella.com\/wp-content\/uploads\/2024\/11\/Homescare-Marbella-homecares-services-for-your-home-galeria3.jpg\u00bb alt=\u00bbHomescare-Marbella-homecares-services-for-your-home-galeria3&#8243; title_text=\u00bbHomescare-Marbella-homecares-services-for-your-home-galeria3&#8243; _builder_version=\u00bb4.19.3&#8243; _module_preset=\u00bbdefault\u00bb border_radii=\u00bbon|10px|10px|10px|10px\u00bb global_colors_info=\u00bb{}\u00bb][\/et_pb_image][\/et_pb_column][et_pb_column type=\u00bb1_3&#8243; _builder_version=\u00bb4.16&#8243; _module_preset=\u00bbdefault\u00bb global_colors_info=\u00bb{}\u00bb][et_pb_image src=\u00bbhttps:\/\/homescaremarbella.com\/wp-content\/uploads\/2024\/11\/Homescare-Marbella-homecares-services-for-your-home-galeria2.jpg\u00bb alt=\u00bbHomescare-Marbella-homecares-services-for-your-home-galeria2&#8243; title_text=\u00bbHomescare-Marbella-homecares-services-for-your-home-galeria2&#8243; _builder_version=\u00bb4.19.3&#8243; _module_preset=\u00bbdefault\u00bb border_radii=\u00bbon|10px|10px|10px|10px\u00bb global_colors_info=\u00bb{}\u00bb][\/et_pb_image][\/et_pb_column][\/et_pb_row][\/et_pb_section]<\/p>\n","protected":false},"excerpt":{"rendered":"<p>MANTENIMIENTO DE PROPIEDADES &nbsp; En HomesCare Marbella ofrecemos un servicio completo de gesti\u00f3n de propiedades, d\u00e1ndole la tranquilidad de que su propiedad est\u00e1 en buenas manos, siendo atendido en su ausencia y sabiendo que tiene una persona de confianza a quien contactar para cualquier consulta o necesidad durante su estancia. Ofrecemos un servicio de revisi\u00f3n [&hellip;]<\/p>\n","protected":false},"author":2,"featured_media":0,"parent":0,"menu_order":0,"comment_status":"closed","ping_status":"closed","template":"","meta":{"_et_pb_use_builder":"on","_et_pb_old_content":"<p>[et_pb_section fb_built=\"1\" fullwidth=\"on\" _builder_version=\"4.7.1\" _module_preset=\"default\" bottom_divider_style=\"arrow2\" bottom_divider_color=\"#ffffff\"][et_pb_fullwidth_image src=\"https:\/\/homescaremarbella.com\/wp-content\/uploads\/2020\/12\/Property-Management-in-Marbella-Homescare.jpg\" alt=\"Property Management in Marbella Homescare\" title_text=\"Property Management in Marbella Homescare\" _builder_version=\"4.7.1\" _module_preset=\"default\"][\/et_pb_fullwidth_image][\/et_pb_section][et_pb_section fb_built=\"1\" _builder_version=\"4.7.1\" _module_preset=\"default\"][et_pb_row _builder_version=\"4.7.1\" _module_preset=\"default\"][et_pb_column type=\"4_4\" _builder_version=\"4.7.1\" _module_preset=\"default\"][et_pb_text _builder_version=\"4.7.1\" _module_preset=\"default\" text_font=\"Karla||||||||\" text_text_color=\"#000000\" text_font_size=\"20px\" header_font=\"Oswald||||||||\" header_2_font=\"Oswald|700||on|||||\" header_2_font_size=\"68px\" header_3_font=\"Oswald||||||||\" header_3_font_size=\"48px\" custom_padding=\"15px|20px|15px|20px|true|true\" header_2_font_tablet=\"\" header_2_font_phone=\"\" header_2_font_last_edited=\"on|phone\" header_2_font_size_tablet=\"62px\" header_2_font_size_phone=\"52px\" header_2_font_size_last_edited=\"on|desktop\" header_3_font_size_tablet=\"40px\" header_3_font_size_phone=\"38px\" header_3_font_size_last_edited=\"on|desktop\" border_radii=\"on|10px|10px|10px|10px\" border_width_all=\"2px\" border_color_all=\"#000000\"]<\/p><h2>Property Managment<\/h2><p>At Homes Care Marbella we offer a complete property management service, giving you the peace of mind that your property is in good hands, being looked after in your absence and knowing that you have a trusted person to contact for any queries or needs during your stay. We offer a service of weekly or biweekly property reviews. Our management includes taking care of routine maintenance, cleaning and laundry, ongoing repairs, visits to the property, checking the mailbox, as well as turning off the supplies when a property is empty and reactivating them before arrival.<br \/>When we visit your property, we check that everything is clean and airy, we check the gas, electricity, appliances, light bulbs, etc. to ensure that your home is in perfect condition. Review books are maintained at each property and we can submit monthly reports if necessary.<br \/>If you are interested in receiving more information about our services, please contact us. Once we have visited your property, we can provide you with a customized proposal to fit your specific needs.<\/p><p>[\/et_pb_text][et_pb_text _builder_version=\"4.7.1\" _module_preset=\"default\" text_font=\"Karla||||||||\" text_text_color=\"#000000\" text_font_size=\"20px\" header_3_font=\"Oswald||||||||\" header_3_font_size=\"56px\" header_4_font=\"Oswald||||||||\" header_4_font_size=\"38px\" background_color=\"rgba(181,228,252,0.2)\" custom_padding=\"15px|20px|15px|20px|true|true\" hover_enabled=\"0\" header_3_font_size_tablet=\"\" header_3_font_size_phone=\"40px\" header_3_font_size_last_edited=\"on|desktop\" header_4_font_size_tablet=\"34px\" header_4_font_size_phone=\"34px\" header_4_font_size_last_edited=\"on|desktop\" border_radii=\"on|10px|10px|10px|10px\" sticky_enabled=\"0\"]<\/p><h3>Weekly Review Rates<\/h3><p>\u25cf<strong> 2 bedroom apartments from 80 euros per month<\/strong><br \/><strong>\u25cf 3-bedroom apartments from 90 euros per month<\/strong><br \/><strong>\u25cf 4-bedroom apartments 100 euros per month<\/strong><br \/><strong>\u25cf Townhouses from 110 euros per month<\/strong><br \/><strong>\u25cf 2\/3 bedroom Villas from 140 euros per month<\/strong><br \/><strong>\u25cf 4\/5 bedroom Villas from 170 euros per month<\/strong><\/p><h4>Fortnightly reviews rates<\/h4><p>\u25cf 2 bedroom apartments from 50 euros per month<br \/>\u25cf 3 bedroom apartments from 55 euros per month<br \/>\u25cf 4-bedroom apartments 60 euros per month<br \/>\u25cf Townhouses from 65 euros per month<br \/>\u25cf 2\/3 bedroom Villas from 80 euros per month<br \/>\u25cf 4\/5 bedroom Villas from 95 euros per month<\/p><p>[\/et_pb_text][et_pb_text _builder_version=\"4.7.1\" _module_preset=\"default\" text_font=\"Karla||||||||\" text_text_color=\"#000000\" text_font_size=\"20px\" header_3_font=\"Oswald||||||||\" header_3_font_size=\"56px\" background_color=\"rgba(181,228,252,0.3)\" custom_padding=\"15px|20px|15px|20px|true|true\" border_radii=\"on|10px|10px|10px|10px\"]<\/p><h3>Additional Services<\/h3><p>In addition to our regular property review services, we also offer our clients the following services:<br \/>\u25cf Cleaning and laundry services<br \/>\u25cf Garden and pool maintenance<br \/>\u25cf Decorator<br \/>\u25cf Moving<br \/>\u25cf All kinds of reforms<br \/>\u25cf Painting in general<br \/>\u25cf Electrical work<br \/>\u25cf Domotics<br \/>\u25cf Air Conditioning and Heating<br \/>\u25cf Locksmith service<br \/>\u25cf Installation of alarms and security cameras<br \/>\u25cf Computer Technicians<br \/>\u25cf Provide access to housing when the client needs it<br \/>\u25cf General maintenance and routine repairs<br \/>\u25cf Private Charter (Boat)<br \/>\u25cf Private Chef<br \/>\u25cf Fill up the fridge on arrival<br \/>\u25cf Organize airport pick-ups and drop-offs<br \/>\u25cf Organize any type of reservation: restaurants, hotels, concerts, golf course and recommendations<br \/>\u25cf Rental of cribs, high chairs, car seats...<br \/>\u25cf Masseurs and physiotherapists<br \/>\u25cf All types of insurance<br \/>\u25cf TV and Satellite Facilities<br \/>\u25cf Babysitter<br \/>\u25cf Pet Care<\/p><p>[\/et_pb_text][et_pb_text _builder_version=\"4.7.1\" _module_preset=\"default\" text_font=\"Karla||||||||\" text_text_color=\"#000000\" text_font_size=\"20px\" background_color=\"rgba(181,228,252,0.5)\" custom_padding=\"15px|20px|15px|20px|true|true\" border_radii=\"on|10px|10px|10px|10px\"]<\/p><p><strong>General cleaning will be charged at 13.50 euros per hour with the necessary products included, general maintenance work will be 30 euros per hour or to be budgeted once the necessary work has been reviewed. VAT is not included.<\/strong><\/p><p>[\/et_pb_text][\/et_pb_column][\/et_pb_row][et_pb_row column_structure=\"1_3,1_3,1_3\" use_custom_gutter=\"on\" gutter_width=\"2\" _builder_version=\"4.7.1\" _module_preset=\"default\"][et_pb_column type=\"1_3\" _builder_version=\"4.7.1\" _module_preset=\"default\"][et_pb_image src=\"https:\/\/homescaremarbella.com\/wp-content\/uploads\/2020\/12\/foto-2.jpg\" alt=\"Property Management in Marbella Homescare 2\" title_text=\"Property Management in Marbella Homescare 2\" _builder_version=\"4.7.1\" _module_preset=\"default\" border_radii=\"on|10px|10px|10px|10px\"][\/et_pb_image][et_pb_image src=\"https:\/\/homescaremarbella.com\/wp-content\/uploads\/2020\/12\/Homescare-Marbella-homecares-services-for-your-home-3.jpg\" alt=\"Property Management in Marbella Homescare 2\" title_text=\"Property Management in Marbella Homescare 2\" _builder_version=\"4.7.1\" _module_preset=\"default\" border_radii=\"on|10px|10px|10px|10px\"][\/et_pb_image][\/et_pb_column][et_pb_column type=\"1_3\" _builder_version=\"4.7.1\" _module_preset=\"default\"][et_pb_image src=\"https:\/\/homescaremarbella.com\/wp-content\/uploads\/2020\/12\/Property-Management-in-Marbella-Homescare.jpg\" alt=\"Property Management in Marbella Homescare 2\" title_text=\"Property Management in Marbella Homescare 2\" _builder_version=\"4.7.1\" _module_preset=\"default\" border_radii=\"on|10px|10px|10px|10px\"][\/et_pb_image][et_pb_image src=\"https:\/\/homescaremarbella.com\/wp-content\/uploads\/2020\/12\/Homescare-Marbella-homecares-services-for-your-home-4.jpg\" alt=\"Property Management in Marbella Homescare 2\" title_text=\"Property Management in Marbella Homescare 2\" _builder_version=\"4.7.1\" _module_preset=\"default\" border_radii=\"on|10px|10px|10px|10px\"][\/et_pb_image][\/et_pb_column][et_pb_column type=\"1_3\" _builder_version=\"4.7.1\" _module_preset=\"default\"][et_pb_image src=\"https:\/\/homescaremarbella.com\/wp-content\/uploads\/2020\/12\/Homescare-Marbella-homecares-services-for-your-home-2.jpg\" alt=\"Property Management in Marbella Homescare 2\" title_text=\"Property Management in Marbella Homescare 2\" _builder_version=\"4.7.1\" _module_preset=\"default\" border_radii=\"on|10px|10px|10px|10px\"][\/et_pb_image][et_pb_image src=\"https:\/\/homescaremarbella.com\/wp-content\/uploads\/2020\/12\/Homescare-Marbella-homecares-services-for-your-home-5.jpg\" alt=\"Property Management in Marbella Homescare 2\" title_text=\"Property Management in Marbella Homescare 2\" _builder_version=\"4.7.1\" _module_preset=\"default\" border_radii=\"on|10px|10px|10px|10px\"][\/et_pb_image][\/et_pb_column][\/et_pb_row][\/et_pb_section]<\/p>","_et_gb_content_width":""},"_links":{"self":[{"href":"https:\/\/homescaremarbella.com\/index.php\/wp-json\/wp\/v2\/pages\/341\/?lang=es"}],"collection":[{"href":"https:\/\/homescaremarbella.com\/index.php\/wp-json\/wp\/v2\/pages\/?lang=es"}],"about":[{"href":"https:\/\/homescaremarbella.com\/index.php\/wp-json\/wp\/v2\/types\/page\/?lang=es"}],"author":[{"embeddable":true,"href":"https:\/\/homescaremarbella.com\/index.php\/wp-json\/wp\/v2\/users\/2\/?lang=es"}],"replies":[{"embeddable":true,"href":"https:\/\/homescaremarbella.com\/index.php\/wp-json\/wp\/v2\/comments\/?lang=es&post=341"}],"version-history":[{"count":10,"href":"https:\/\/homescaremarbella.com\/index.php\/wp-json\/wp\/v2\/pages\/341\/revisions\/?lang=es"}],"predecessor-version":[{"id":440,"href":"https:\/\/homescaremarbella.com\/index.php\/wp-json\/wp\/v2\/pages\/341\/revisions\/440\/?lang=es"}],"wp:attachment":[{"href":"https:\/\/homescaremarbella.com\/index.php\/wp-json\/wp\/v2\/media\/?lang=es&parent=341"}],"curies":[{"name":"wp","href":"https:\/\/api.w.org\/{rel}","templated":true}]}}